{"id":2302,"date":"2020-06-08T08:38:42","date_gmt":"2020-06-08T06:38:42","guid":{"rendered":"https:\/\/condeli2019-at.webpreview.at\/?page_id=2302"},"modified":"2025-12-05T11:35:16","modified_gmt":"2025-12-05T10:35:16","slug":"impressum","status":"publish","type":"page","link":"https:\/\/www.condeli.at\/en\/imprint\/","title":{"rendered":"Imprint"},"content":{"rendered":"<div data-elementor-type=\"wp-page\" data-elementor-id=\"2302\" class=\"elementor elementor-2302\" data-elementor-post-type=\"page\">\n\t\t\t\t\t\t<section class=\"elementor-section elementor-top-section elementor-element elementor-element-45a5dbf9 elementor-section-stretched elementor-section-full_width elementor-section-height-min-height elementor-section-items-top elementor-section-height-default\" data-id=\"45a5dbf9\" data-element_type=\"section\" data-e-type=\"section\" data-settings=\"{&quot;stretch_section&quot;:&quot;section-stretched&quot;,&quot;background_background&quot;:&quot;classic&quot;}\">\n\t\t\t\t\t\t\t<div class=\"elementor-background-overlay\"><\/div>\n\t\t\t\t\t\t\t<div class=\"elementor-container elementor-column-gap-no\">\n\t\t\t\t\t<div class=\"elementor-column elementor-col-100 elementor-top-column elementor-element elementor-element-10c8d0f6\" data-id=\"10c8d0f6\" data-element_type=\"column\" data-e-type=\"column\" data-settings=\"{&quot;background_background&quot;:&quot;gradient&quot;}\">\n\t\t\t<div class=\"elementor-widget-wrap elementor-element-populated\">\n\t\t\t\t\t\t<div class=\"elementor-element elementor-element-5ffbf746 elementor-widget elementor-widget-spacer\" data-id=\"5ffbf746\" data-element_type=\"widget\" data-e-type=\"widget\" data-widget_type=\"spacer.default\">\n\t\t\t\t<div class=\"elementor-widget-container\">\n\t\t\t\t\t\t\t<div class=\"elementor-spacer\">\n\t\t\t<div class=\"elementor-spacer-inner\"><\/div>\n\t\t<\/div>\n\t\t\t\t\t\t<\/div>\n\t\t\t\t<\/div>\n\t\t\t\t<section class=\"elementor-section elementor-inner-section elementor-element elementor-element-42faa28a elementor-section-boxed elementor-section-height-default elementor-section-height-default\" data-id=\"42faa28a\" data-element_type=\"section\" data-e-type=\"section\">\n\t\t\t\t\t\t<div class=\"elementor-container elementor-column-gap-default\">\n\t\t\t\t\t<div class=\"elementor-column elementor-col-100 elementor-inner-column elementor-element elementor-element-44abf9f\" data-id=\"44abf9f\" data-element_type=\"column\" data-e-type=\"column\">\n\t\t\t<div class=\"elementor-widget-wrap elementor-element-populated\">\n\t\t\t\t\t\t<div class=\"elementor-element elementor-element-6d396b8e elementor-widget elementor-widget-heading\" data-id=\"6d396b8e\" data-element_type=\"widget\" data-e-type=\"widget\" data-widget_type=\"heading.default\">\n\t\t\t\t<div class=\"elementor-widget-container\">\n\t\t\t\t\t<h1 class=\"elementor-heading-title elementor-size-default\">Imprint<\/h1>\t\t\t\t<\/div>\n\t\t\t\t<\/div>\n\t\t\t\t<div class=\"elementor-element elementor-element-652ceafc elementor-widget-divider--view-line elementor-widget elementor-widget-divider\" data-id=\"652ceafc\" data-element_type=\"widget\" data-e-type=\"widget\" data-widget_type=\"divider.default\">\n\t\t\t\t<div class=\"elementor-widget-container\">\n\t\t\t\t\t\t\t<div class=\"elementor-divider\">\n\t\t\t<span class=\"elementor-divider-separator\">\n\t\t\t\t\t\t<\/span>\n\t\t<\/div>\n\t\t\t\t\t\t<\/div>\n\t\t\t\t<\/div>\n\t\t\t\t<div class=\"elementor-element elementor-element-9c1cb78 elementor-widget elementor-widget-spacer\" data-id=\"9c1cb78\" data-element_type=\"widget\" data-e-type=\"widget\" data-widget_type=\"spacer.default\">\n\t\t\t\t<div class=\"elementor-widget-container\">\n\t\t\t\t\t\t\t<div class=\"elementor-spacer\">\n\t\t\t<div class=\"elementor-spacer-inner\"><\/div>\n\t\t<\/div>\n\t\t\t\t\t\t<\/div>\n\t\t\t\t<\/div>\n\t\t\t\t<div class=\"elementor-element elementor-element-9ebeb45 elementor-widget elementor-widget-text-editor\" data-id=\"9ebeb45\" data-element_type=\"widget\" data-e-type=\"widget\" data-widget_type=\"text-editor.default\">\n\t\t\t\t<div class=\"elementor-widget-container\">\n\t\t\t\t\t\t\t\t\t<h4><strong>Media owner:<\/strong><\/h4><p>Condeli GmbH &amp; Co KG<br \/>Gewerbepark 1<br \/>4193 Reichenthal<br \/>AUSTRIA<br \/><br \/><\/p><h4>Board of Management<\/h4><p>Mag. Heinz Kaltenb\u00e4ck<br \/>Tel: +43 (0)7214 50136<br \/>Fax: +43 (0)7214 20563<br \/>E-Mail: office(at)condeli.at<\/p><p>Duty to furnish information as per ECG and media law<br \/><br \/><br \/><\/p><h4>Copyright<\/h4><p>Der Inhalt, einschlie\u00dflich Bilder und die Gestaltung der Condeli-Website unterliegen dem Schutz des Urheberrechts und anderer Gesetze zum Schutz geistigen Eigentums, unabh\u00e4ngig von jeglicher Kennzeichnung (z.B. \u00a9, \u00ae oder \u2122 Vermerk).<\/p><p>Die Verfielf\u00e4ltigung der Dokumente ist nur f\u00fcr den pers\u00f6nlichen und informativen Gebrauch gestattet. Jede sonstige Vervielf\u00e4ltigung, Verbreitung, Wieder- und Weitergabe und sonstige Nutzung, insbesondere die Verwendung von Texten, Textteilen, Bildmaterial oder Software, die direkt oder indirekt von der Website der Condeli GmbH abgerufen oder verwendet werden kann, ist ohne die schriftliche Zustimmung der Condeli GmbH nicht gestattet. Die Ver\u00e4nderung des Inhalts dieser Seite ist nicht gestattet. Durch diese Website wird keine Lizenz zur Nutzung des geistigen Eigentums der Condeli GmbH gew\u00e4hrt. Soweit nicht anders angegeben, sind alle auf diesen Websites verwendeten Marken markenrechtlich gesch\u00fctzt. Dies gilt vor allem f\u00fcr Firmenlogos und Kennzeichen.<br \/><br \/><br \/><\/p><h4>Exclusion of liability:<\/h4><p>Auf unserer Website finden Sie Verweise (Hyperlinks) zu anderen Seiten im Internet. F\u00fcr alle diese Links gilt, dass wir keinerlei Einfluss auf die Gestaltung und die Inhalte dieser externen Seiten haben. Daher \u00fcbernehmen wir keinerlei Verantwortung f\u00fcr Inhalt und Gestaltung dieser Seiten. Diese Erkl\u00e4rung gilt f\u00fcr alle auf unserer Internetpr\u00e4senz angezeigten externen Verweise. Diese Links zu den Websites Dritter stellen keine Zustimmung zu deren Inhalten seitens der Condeli GmbH dar.<\/p><p>Die Condeli GmbH \u00fcbernimmt keine Verantwortung f\u00fcr die Verf\u00fcgbarkeit oder den Inhalt solcher Websites und keine Haftung f\u00fcr Sch\u00e4den oder Verletzungen, die aus der Nutzung \u2013 gleich welcher Art \u2013 solcher Inhalte entstehen. Links zu anderen Websites werden den Nutzern dieser Website lediglich als Annehmlichkeit zur Verf\u00fcgung gestellt. Das Herstellen einer Verbindung zu diesen Websites geschieht auf eigene Gefahr des Benutzers.<br \/><br \/><br \/><\/p><h4>Google Analytics<\/h4><p>This website uses Google Analytics, a web analysis service provided by Google Inc. (\u201cGoogle\u201d). Google Analytics uses \u201ccookies\u201d, text files stored on your computer that make it possible to analyse website usage. The information generated by these cookies regarding your use of our website (including your IP address) is then transferred to a Google server located in the USA and stored there. Google will use this information to evaluate your usage of the website, to compile reports on website activity for website providers and to supply additional services associated with such website and internet usage. Google may also supply this information to third parties where it is legally required to do so or where those third parties are contracted by Google to process the data. Under no circumstances will Google allow your IP address to be associated with any other data collected by Google. You can prevent the installation of cookies by selecting the appropriate settings on your browser; however, we advise that in this case you may not be able to use all functions of this website. By using this website, you consent to the processing of your collected data by Google in the manner described above and for the purposes specified.<br \/><br \/><br \/><\/p><h4>Cookie guidelines<\/h4><p>Die folgenden Richtlinien beziehen sich auf die Website www.condeli.at.<br \/>Mit der weiteren Nutzung dieser Website erkl\u00e4ren Sie, dass Sie mit der Verwendung von Cookies und Tracking Technologien einverstanden sind. In unseren Nutzungsbedingungen erkl\u00e4ren wir Ihnen was Cookies sind und wie Sie diese auf Ihrem Computer kontrollieren k\u00f6nnen.<br \/>Unsere Nutzungsbedingungen unterteilen sich in zwei Abschnitte:<br \/>1) What are cookies?<br \/>2) Wie verwenden wir Cookies auf unserer Website?<br \/><br \/><br \/><\/p><h4>1) What are cookies?<\/h4><p>Cookies are nothing more than small text documents that are saved on your computer when you visit our website. Most websites use cookies and tracking technologies. Why do we do this? Cookies enable us to determine which content is of interest to you and which is not. The conclusions we draw from this enable us to provide an improved experience on future visits to our website, as we can reduce the uninteresting content and maximise the interesting content on the basis of these findings. We are also able to \u201cremember\u201d the settings previously used.<br \/><br \/><br \/><\/p><h4>2) How do we use cookies on our website, and how can you disable them?<\/h4><p>Wenn Sie zum ersten mal unsere Website besuchen erhalten Sie eine Benachrichtigung eingeblendet, die Sie darauf hinweist, dass durch die weitere Nutzung unserer Website Cookies gespeichert werden und Sie die M\u00f6glichkeit haben dies zu unterbinden. Hierf\u00fcr gibt es verschiedene M\u00f6glichkeiten. So haben Sie beispielsweise die M\u00f6glichkeit die Verwendung von Cookies in ihren Browsereinstellungen zu unterbinden. Zus\u00e4tzlich haben Sie dann zum Beispiel auch noch die M\u00f6glichkeit die Verwendung von Cookies lediglich f\u00fcr unsere Website zu untersagen indem Sie diese Funktion mittels Klick auf den Link am Ende dieser Seite deaktivieren. Bitte bedenken Sie jedoch, dass dadurch gewisse Funktionalit\u00e4ten unserer Website f\u00fcr Sie nicht mehr zur Verf\u00fcgung stehen und so der Benutzungskomfort reduziert wird.<\/p><p>Wenn Sie die Verwendung von Cookies auf unserer Website untersagen wollen klicken Sie hier.<br \/><br \/><br \/><\/p><h4>Miscellaneous<\/h4><p>Should parts or individual formulations of this text not, no longer or not fully comply with the applicable statutory requirements, all other sections of the document shall remain unaffected as regards their content and validity.<\/p>\t\t\t\t\t\t\t\t<\/div>\n\t\t\t\t<\/div>\n\t\t\t\t\t<\/div>\n\t\t<\/div>\n\t\t\t\t\t<\/div>\n\t\t<\/section>\n\t\t\t\t<div class=\"elementor-element elementor-element-545cb72d elementor-widget elementor-widget-spacer\" data-id=\"545cb72d\" data-element_type=\"widget\" data-e-type=\"widget\" data-widget_type=\"spacer.default\">\n\t\t\t\t<div class=\"elementor-widget-container\">\n\t\t\t\t\t\t\t<div class=\"elementor-spacer\">\n\t\t\t<div class=\"elementor-spacer-inner\"><\/div>\n\t\t<\/div>\n\t\t\t\t\t\t<\/div>\n\t\t\t\t<\/div>\n\t\t\t\t\t<\/div>\n\t\t<\/div>\n\t\t\t\t\t<\/div>\n\t\t<\/section>\n\t\t\t\t<\/div>","protected":false},"excerpt":{"rendered":"<p>Impressum Medieninhaber: Condeli GmbH &amp; Co KGGewerbepark 14193 ReichenthalAUSTRIA Gesch\u00e4ftsf\u00fchrung: Mag. Heinz Kaltenb\u00e4ckTel: +43 (0)7214 50136Fax: +43 (0)7214 20563E-Mail: office(at)condeli.at Informationspflicht lt. ECG und Mediengesetz Urheberrecht: Der Inhalt, einschlie\u00dflich Bilder und die Gestaltung der Condeli-Website unterliegen dem Schutz des Urheberrechts und anderer Gesetze zum Schutz geistigen Eigentums, unabh\u00e4ngig von jeglicher Kennzeichnung (z.B. \u00a9, \u00ae oder [&hellip;]<\/p>\n","protected":false},"author":1,"featured_media":0,"parent":0,"menu_order":0,"comment_status":"closed","ping_status":"closed","template":"","meta":{"footnotes":""},"class_list":["post-2302","page","type-page","status-publish","hentry"],"yoast_head":"<!-- This site is optimized with the Yoast SEO plugin v27.5 - https:\/\/yoast.com\/product\/yoast-seo-wordpress\/ -->\n<title>Impressum -<\/title>\n<meta name=\"robots\" content=\"index, follow, max-snippet:-1, max-image-preview:large, max-video-preview:-1\" \/>\n<link rel=\"canonical\" href=\"https:\/\/www.condeli.at\/en\/impressum\/\" \/>\n<meta property=\"og:locale\" content=\"en_GB\" \/>\n<meta property=\"og:type\" content=\"article\" \/>\n<meta property=\"og:title\" content=\"Impressum -\" \/>\n<meta property=\"og:description\" content=\"Impressum Medieninhaber: Condeli GmbH &amp; Co KGGewerbepark 14193 ReichenthalAUSTRIA Gesch\u00e4ftsf\u00fchrung: Mag. Heinz Kaltenb\u00e4ckTel: +43 (0)7214 50136Fax: +43 (0)7214 20563E-Mail: office(at)condeli.at Informationspflicht lt. ECG und Mediengesetz Urheberrecht: Der Inhalt, einschlie\u00dflich Bilder und die Gestaltung der Condeli-Website unterliegen dem Schutz des Urheberrechts und anderer Gesetze zum Schutz geistigen Eigentums, unabh\u00e4ngig von jeglicher Kennzeichnung (z.B. \u00a9, \u00ae oder [&hellip;]\" \/>\n<meta property=\"og:url\" content=\"https:\/\/www.condeli.at\/en\/impressum\/\" \/>\n<meta property=\"article:modified_time\" content=\"2025-12-05T10:35:16+00:00\" \/>\n<meta name=\"twitter:card\" content=\"summary_large_image\" \/>\n<meta name=\"twitter:label1\" content=\"Estimated reading time\" \/>\n\t<meta name=\"twitter:data1\" content=\"5 minutes\" \/>\n<script type=\"application\/ld+json\" class=\"yoast-schema-graph\">{\"@context\":\"https:\\\/\\\/schema.org\",\"@graph\":[{\"@type\":\"WebPage\",\"@id\":\"https:\\\/\\\/www.condeli.at\\\/de\\\/impressum\\\/\",\"url\":\"https:\\\/\\\/www.condeli.at\\\/de\\\/impressum\\\/\",\"name\":\"Impressum -\",\"isPartOf\":{\"@id\":\"https:\\\/\\\/www.condeli.at\\\/de\\\/#website\"},\"datePublished\":\"2020-06-08T06:38:42+00:00\",\"dateModified\":\"2025-12-05T10:35:16+00:00\",\"breadcrumb\":{\"@id\":\"https:\\\/\\\/www.condeli.at\\\/de\\\/impressum\\\/#breadcrumb\"},\"inLanguage\":\"en-GB\",\"potentialAction\":[{\"@type\":\"ReadAction\",\"target\":[\"https:\\\/\\\/www.condeli.at\\\/de\\\/impressum\\\/\"]}]},{\"@type\":\"BreadcrumbList\",\"@id\":\"https:\\\/\\\/www.condeli.at\\\/de\\\/impressum\\\/#breadcrumb\",\"itemListElement\":[{\"@type\":\"ListItem\",\"position\":1,\"name\":\"Startseite\",\"item\":\"https:\\\/\\\/www.condeli.at\\\/\"},{\"@type\":\"ListItem\",\"position\":2,\"name\":\"Impressum\"}]},{\"@type\":\"WebSite\",\"@id\":\"https:\\\/\\\/www.condeli.at\\\/de\\\/#website\",\"url\":\"https:\\\/\\\/www.condeli.at\\\/de\\\/\",\"name\":\"\",\"description\":\"Condeli - Der Lasagne und Convenience-spezialist\",\"potentialAction\":[{\"@type\":\"SearchAction\",\"target\":{\"@type\":\"EntryPoint\",\"urlTemplate\":\"https:\\\/\\\/www.condeli.at\\\/de\\\/?s={search_term_string}\"},\"query-input\":{\"@type\":\"PropertyValueSpecification\",\"valueRequired\":true,\"valueName\":\"search_term_string\"}}],\"inLanguage\":\"en-GB\"}]}<\/script>\n<!-- \/ Yoast SEO plugin. -->","yoast_head_json":{"title":"Imprint","robots":{"index":"index","follow":"follow","max-snippet":"max-snippet:-1","max-image-preview":"max-image-preview:large","max-video-preview":"max-video-preview:-1"},"canonical":"https:\/\/www.condeli.at\/en\/impressum\/","og_locale":"en_GB","og_type":"article","og_title":"Impressum -","og_description":"Impressum Medieninhaber: Condeli GmbH &amp; Co KGGewerbepark 14193 ReichenthalAUSTRIA Gesch\u00e4ftsf\u00fchrung: Mag. Heinz Kaltenb\u00e4ckTel: +43 (0)7214 50136Fax: +43 (0)7214 20563E-Mail: office(at)condeli.at Informationspflicht lt. ECG und Mediengesetz Urheberrecht: Der Inhalt, einschlie\u00dflich Bilder und die Gestaltung der Condeli-Website unterliegen dem Schutz des Urheberrechts und anderer Gesetze zum Schutz geistigen Eigentums, unabh\u00e4ngig von jeglicher Kennzeichnung (z.B. \u00a9, \u00ae oder [&hellip;]","og_url":"https:\/\/www.condeli.at\/en\/impressum\/","article_modified_time":"2025-12-05T10:35:16+00:00","twitter_card":"summary_large_image","twitter_misc":{"Estimated reading time":"5 minutes"},"schema":{"@context":"https:\/\/schema.org","@graph":[{"@type":"WebPage","@id":"https:\/\/www.condeli.at\/de\/impressum\/","url":"https:\/\/www.condeli.at\/de\/impressum\/","name":"Imprint","isPartOf":{"@id":"https:\/\/www.condeli.at\/de\/#website"},"datePublished":"2020-06-08T06:38:42+00:00","dateModified":"2025-12-05T10:35:16+00:00","breadcrumb":{"@id":"https:\/\/www.condeli.at\/de\/impressum\/#breadcrumb"},"inLanguage":"en-GB","potentialAction":[{"@type":"ReadAction","target":["https:\/\/www.condeli.at\/de\/impressum\/"]}]},{"@type":"BreadcrumbList","@id":"https:\/\/www.condeli.at\/de\/impressum\/#breadcrumb","itemListElement":[{"@type":"ListItem","position":1,"name":"Startseite","item":"https:\/\/www.condeli.at\/"},{"@type":"ListItem","position":2,"name":"Impressum"}]},{"@type":"WebSite","@id":"https:\/\/www.condeli.at\/de\/#website","url":"https:\/\/www.condeli.at\/de\/","name":"","description":"Condeli - Der Lasagne und Convenience-spezialist","potentialAction":[{"@type":"SearchAction","target":{"@type":"EntryPoint","urlTemplate":"https:\/\/www.condeli.at\/de\/?s={search_term_string}"},"query-input":{"@type":"PropertyValueSpecification","valueRequired":true,"valueName":"search_term_string"}}],"inLanguage":"en-GB"}]}},"_links":{"self":[{"href":"https:\/\/www.condeli.at\/en\/wp-json\/wp\/v2\/pages\/2302","targetHints":{"allow":["GET"]}}],"collection":[{"href":"https:\/\/www.condeli.at\/en\/wp-json\/wp\/v2\/pages"}],"about":[{"href":"https:\/\/www.condeli.at\/en\/wp-json\/wp\/v2\/types\/page"}],"author":[{"embeddable":true,"href":"https:\/\/www.condeli.at\/en\/wp-json\/wp\/v2\/users\/1"}],"replies":[{"embeddable":true,"href":"https:\/\/www.condeli.at\/en\/wp-json\/wp\/v2\/comments?post=2302"}],"version-history":[{"count":0,"href":"https:\/\/www.condeli.at\/en\/wp-json\/wp\/v2\/pages\/2302\/revisions"}],"wp:attachment":[{"href":"https:\/\/www.condeli.at\/en\/wp-json\/wp\/v2\/media?parent=2302"}],"curies":[{"name":"wp","href":"https:\/\/api.w.org\/{rel}","templated":true}]}}