{"id":2306,"date":"2020-06-08T08:43:52","date_gmt":"2020-06-08T06:43:52","guid":{"rendered":"https:\/\/condeli2019-at.webpreview.at\/?page_id=2306"},"modified":"2025-12-05T11:34:58","modified_gmt":"2025-12-05T10:34:58","slug":"agb","status":"publish","type":"page","link":"https:\/\/www.condeli.at\/en\/gtc\/","title":{"rendered":"GTC"},"content":{"rendered":"<div data-elementor-type=\"wp-page\" data-elementor-id=\"2306\" class=\"elementor elementor-2306\" data-elementor-post-type=\"page\">\n\t\t\t\t\t\t<section class=\"elementor-section elementor-top-section elementor-element elementor-element-54f41fab elementor-section-stretched elementor-section-full_width elementor-section-height-min-height elementor-section-items-top elementor-section-height-default\" data-id=\"54f41fab\" data-element_type=\"section\" data-e-type=\"section\" data-settings=\"{&quot;stretch_section&quot;:&quot;section-stretched&quot;,&quot;background_background&quot;:&quot;classic&quot;}\">\n\t\t\t\t\t\t\t<div class=\"elementor-background-overlay\"><\/div>\n\t\t\t\t\t\t\t<div class=\"elementor-container elementor-column-gap-no\">\n\t\t\t\t\t<div class=\"elementor-column elementor-col-100 elementor-top-column elementor-element elementor-element-62fd95ae\" data-id=\"62fd95ae\" data-element_type=\"column\" data-e-type=\"column\" data-settings=\"{&quot;background_background&quot;:&quot;gradient&quot;}\">\n\t\t\t<div class=\"elementor-widget-wrap elementor-element-populated\">\n\t\t\t\t\t\t<div class=\"elementor-element elementor-element-2ee421f2 elementor-widget elementor-widget-spacer\" data-id=\"2ee421f2\" data-element_type=\"widget\" data-e-type=\"widget\" data-widget_type=\"spacer.default\">\n\t\t\t\t<div class=\"elementor-widget-container\">\n\t\t\t\t\t\t\t<div class=\"elementor-spacer\">\n\t\t\t<div class=\"elementor-spacer-inner\"><\/div>\n\t\t<\/div>\n\t\t\t\t\t\t<\/div>\n\t\t\t\t<\/div>\n\t\t\t\t<div class=\"elementor-element elementor-element-46486ab4 elementor-widget elementor-widget-spacer\" data-id=\"46486ab4\" data-element_type=\"widget\" data-e-type=\"widget\" data-widget_type=\"spacer.default\">\n\t\t\t\t<div class=\"elementor-widget-container\">\n\t\t\t\t\t\t\t<div class=\"elementor-spacer\">\n\t\t\t<div class=\"elementor-spacer-inner\"><\/div>\n\t\t<\/div>\n\t\t\t\t\t\t<\/div>\n\t\t\t\t<\/div>\n\t\t\t\t<section class=\"elementor-section elementor-inner-section elementor-element elementor-element-3adcf01e elementor-section-boxed elementor-section-height-default elementor-section-height-default\" data-id=\"3adcf01e\" data-element_type=\"section\" data-e-type=\"section\">\n\t\t\t\t\t\t<div class=\"elementor-container elementor-column-gap-default\">\n\t\t\t\t\t<div class=\"elementor-column elementor-col-100 elementor-inner-column elementor-element elementor-element-79a30543\" data-id=\"79a30543\" data-element_type=\"column\" data-e-type=\"column\">\n\t\t\t<div class=\"elementor-widget-wrap elementor-element-populated\">\n\t\t\t\t\t\t<div class=\"elementor-element elementor-element-b7a8172 elementor-widget elementor-widget-heading\" data-id=\"b7a8172\" data-element_type=\"widget\" data-e-type=\"widget\" data-widget_type=\"heading.default\">\n\t\t\t\t<div class=\"elementor-widget-container\">\n\t\t\t\t\t<h1 class=\"elementor-heading-title elementor-size-default\">GENERAL TERMS AND CONDITIONS OF BUSINESS<\/h1>\t\t\t\t<\/div>\n\t\t\t\t<\/div>\n\t\t\t\t<div class=\"elementor-element elementor-element-48a48dc6 elementor-widget-divider--view-line elementor-widget elementor-widget-divider\" data-id=\"48a48dc6\" data-element_type=\"widget\" data-e-type=\"widget\" data-widget_type=\"divider.default\">\n\t\t\t\t<div class=\"elementor-widget-container\">\n\t\t\t\t\t\t\t<div class=\"elementor-divider\">\n\t\t\t<span class=\"elementor-divider-separator\">\n\t\t\t\t\t\t<\/span>\n\t\t<\/div>\n\t\t\t\t\t\t<\/div>\n\t\t\t\t<\/div>\n\t\t\t\t<div class=\"elementor-element elementor-element-04fadda elementor-widget elementor-widget-spacer\" data-id=\"04fadda\" data-element_type=\"widget\" data-e-type=\"widget\" data-widget_type=\"spacer.default\">\n\t\t\t\t<div class=\"elementor-widget-container\">\n\t\t\t\t\t\t\t<div class=\"elementor-spacer\">\n\t\t\t<div class=\"elementor-spacer-inner\"><\/div>\n\t\t<\/div>\n\t\t\t\t\t\t<\/div>\n\t\t\t\t<\/div>\n\t\t\t\t<div class=\"elementor-element elementor-element-c65995e elementor-widget elementor-widget-text-editor\" data-id=\"c65995e\" data-element_type=\"widget\" data-e-type=\"widget\" data-widget_type=\"text-editor.default\">\n\t\t\t\t<div class=\"elementor-widget-container\">\n\t\t\t\t\t\t\t\t\t<h4>General<\/h4><p>The General Terms and Conditions of Business and delivery stated below shall apply for all deliveries, services and orders of the company Condeli GmbH, Summerauerstr.1, 4193 Reichenthal. In case of conflicting terms and conditions of business of the contracting partner these only shall apply, if the actual conditions have been modified explicitly in written form. For further supplies and subsequent business the following conditions also have validity if they have not been expressly agreed again. All modifications have to be made in written form.<\/p><p>\u00a0<\/p><h4>Risk taking and terms of delivery<\/h4><p>With the dispatch of the good ex works the risk is transferred to the buyer. The buyer bears the risk of transport and weight loss during the time of transport. If the delivery of the good being ready for shipment without our fault is not possible or is not required on the part of the buyer we are entitled \u2013 at available capacity \u2013 to carry out the storage of the good at the expense of the buyer; the delivery is considered as being completed and the risk has being transferred. The retention of the agreed deliver time applies subject to unforeseeable circumstances, like all cases of higher force, including also official interventions and work conflicts. The aforementioned circumstances entitle us to the resignation or to the regulation of delivery times at our choice. Partial deliveries are allowed in principle. If at conclusion of the contract a compensation for delayed delivery (contractual penalty) has been agreed, this only will be paid, if to the buyer a proven damage in the amount of the contractual penalty occurred. Claim for damages are excluded at slight negligence.<\/p><h4>\u00a0<\/h4><h4>Warranty<\/h4><p>Claims may only be considered if they have been raised immediately after receipt of the delivery and are substantiated in written form. The occurrence of claims does not entitle the withholding of the purchasing price or a part of it or a charging up. The delivered good immediately has to be checked upon receipt and must be stored appropriate. The storage of the good has to be carried out according to the storage condition indicated on the packaging. Thereby \u201cstored cool\u201d means storage of the good in cooling rooms at a temperature of +2\u00b0C to +4\u00b0C and \u201cstored deep frozen\u201d means a storage at a temperature of at minimum -18\u00b0C or below. IF the good is not stored according to these instructions, each warranty expires. A return of the good will only be accepted by us, if beforehand a justified claim has been considered as being defected, we are entitled after our choice to either make replacement deliveries within a reasonable period of grace or to issue a credit note in the amount invoiced of the defected good. Any warranty claim or claim for damages exceeding the amount invoiced as well as consequential damages are excluded.\nFor damages on goods not being produced by us, we will be liable against the customer only insofar as the pre- supplier or manufacturer is liable towards us. In this case we shall also be entitled, to transfer our claims towards the pre- supplier to the receiver of the goods, and in his case we are exempt from liability. At official claims or at sample taking through the food police the client is obliged to demand cross- checks. The client hast to freeze these cross- checks immediately and is obliged to give notice to us. In case of non- observance of this obligation the client is liable for damages towards us.<\/p><h4>\u00a0<\/h4><h4>Payment condions<\/h4><p>Our prices are net prices, payable and due after receipt of the invoice, strictly net. At payment delay we are entitled to demand default interest in the amount of 9% (plus VAT.) of the outstanding amount. Arising dunning fees (EUR 15,- first reminder, EUR 20,- second reminder, EUR 25,- third reminder, each plus VAT) have to be beard by the client, as well as all pre- trial expenses like intervention of debt collection agency, etc. The buyer is not entitled to withdraw or to charge up payments because of arisen guarantee claims or other counterclaims. If the buyer is delayed in payment, or if after contract conclusion, circumstances affecting his creditworthiness, become known or if the buyer stops payments, or the start of insolvency proceedings is envisaged, all debt claims are immediately getting due for payment. Incoming payments firstly will be taken for the covering of the incurred dunning costs and interests and then for settlement of the oldest account. At payment delay or the occurrence of other circumstances, being subject to our judgment, we are entitled to make deliveries only against cash or pre- payment.<\/p><h4>\u00a0<\/h4><h4>Reservation of proprietary rights<\/h4><p>Until full payment we reserve the right of property of the selling object or of the profit of sale. The reservation of proprietary rights does not expire because of processing, mixing or resale. As long as the good is unpaid, the profit of sale has to be held in trust as borrowed money. The access of third parties (execution etc) of the goods being in our property or their proceeds immediately has to be notified to us.<\/p><h4>\u00a0<\/h4><h4>Final clauses<\/h4><p>Place of fulfillment is Bad Leonfelden. Austrian law shall apply. Place of jurisdiction is Linz, Austria. If individual regulations of these terms and conditions of business and delivery are getting void, effectless or contestable or will become contestable, the remaining regulations will not be affected and have to be made or completed in a form, that the intended economic purpose is going to be reached in legally allowed form. This also applies for procedures and circumstances not specially mentioned in these regulations.<\/p>\t\t\t\t\t\t\t\t<\/div>\n\t\t\t\t<\/div>\n\t\t\t\t\t<\/div>\n\t\t<\/div>\n\t\t\t\t\t<\/div>\n\t\t<\/section>\n\t\t\t\t<div class=\"elementor-element elementor-element-1f84fc7 elementor-widget elementor-widget-spacer\" data-id=\"1f84fc7\" data-element_type=\"widget\" data-e-type=\"widget\" data-widget_type=\"spacer.default\">\n\t\t\t\t<div class=\"elementor-widget-container\">\n\t\t\t\t\t\t\t<div class=\"elementor-spacer\">\n\t\t\t<div class=\"elementor-spacer-inner\"><\/div>\n\t\t<\/div>\n\t\t\t\t\t\t<\/div>\n\t\t\t\t<\/div>\n\t\t\t\t<div class=\"elementor-element elementor-element-641730d0 elementor-widget elementor-widget-spacer\" data-id=\"641730d0\" data-element_type=\"widget\" data-e-type=\"widget\" data-widget_type=\"spacer.default\">\n\t\t\t\t<div class=\"elementor-widget-container\">\n\t\t\t\t\t\t\t<div class=\"elementor-spacer\">\n\t\t\t<div class=\"elementor-spacer-inner\"><\/div>\n\t\t<\/div>\n\t\t\t\t\t\t<\/div>\n\t\t\t\t<\/div>\n\t\t\t\t\t<\/div>\n\t\t<\/div>\n\t\t\t\t\t<\/div>\n\t\t<\/section>\n\t\t\t\t<\/div>","protected":false},"excerpt":{"rendered":"<p>ALLGEMEINE GESCH\u00c4FTSBEDINgUNGEN Allgemeines Die untenstehenden Allgemeinen Gesch\u00e4fts- und Lieferbedingungen gelten f\u00fcr alle Lieferungen, Leistungen und Auftr\u00e4ge der Firma Condeli GmbH, Summerauerstr.1, 4193 Reichenthal. Im Falle entgegenstehender Allgemeiner Gesch\u00e4ftsbedingungen des Vertragspartners haben diese nur dann G\u00fcltigkeit, wenn von den gegenst\u00e4ndlichen Bedingungen ausdr\u00fccklich schriftlich abgegangen wurde. F\u00fcr weitere Lieferungen und Folgegesch\u00e4fte haben die nachstehenden Bedingungen auch dann [&hellip;]<\/p>\n","protected":false},"author":1,"featured_media":0,"parent":0,"menu_order":0,"comment_status":"closed","ping_status":"closed","template":"","meta":{"footnotes":""},"class_list":["post-2306","page","type-page","status-publish","hentry"],"yoast_head":"<!-- This site is optimized with the Yoast SEO plugin v27.5 - https:\/\/yoast.com\/product\/yoast-seo-wordpress\/ -->\n<title>AGB -<\/title>\n<meta name=\"robots\" content=\"index, follow, max-snippet:-1, max-image-preview:large, max-video-preview:-1\" \/>\n<link rel=\"canonical\" href=\"https:\/\/www.condeli.at\/en\/agb\/\" \/>\n<meta property=\"og:locale\" content=\"en_GB\" \/>\n<meta property=\"og:type\" content=\"article\" \/>\n<meta property=\"og:title\" content=\"AGB -\" \/>\n<meta property=\"og:description\" content=\"ALLGEMEINE GESCH\u00c4FTSBEDINgUNGEN Allgemeines Die untenstehenden Allgemeinen Gesch\u00e4fts- und Lieferbedingungen gelten f\u00fcr alle Lieferungen, Leistungen und Auftr\u00e4ge der Firma Condeli GmbH, Summerauerstr.1, 4193 Reichenthal. Im Falle entgegenstehender Allgemeiner Gesch\u00e4ftsbedingungen des Vertragspartners haben diese nur dann G\u00fcltigkeit, wenn von den gegenst\u00e4ndlichen Bedingungen ausdr\u00fccklich schriftlich abgegangen wurde. F\u00fcr weitere Lieferungen und Folgegesch\u00e4fte haben die nachstehenden Bedingungen auch dann [&hellip;]\" \/>\n<meta property=\"og:url\" content=\"https:\/\/www.condeli.at\/en\/agb\/\" \/>\n<meta property=\"article:modified_time\" content=\"2025-12-05T10:34:58+00:00\" \/>\n<meta name=\"twitter:card\" content=\"summary_large_image\" \/>\n<meta name=\"twitter:label1\" content=\"Estimated reading time\" \/>\n\t<meta name=\"twitter:data1\" content=\"5 minutes\" \/>\n<script type=\"application\/ld+json\" class=\"yoast-schema-graph\">{\"@context\":\"https:\\\/\\\/schema.org\",\"@graph\":[{\"@type\":\"WebPage\",\"@id\":\"https:\\\/\\\/www.condeli.at\\\/de\\\/agb\\\/\",\"url\":\"https:\\\/\\\/www.condeli.at\\\/de\\\/agb\\\/\",\"name\":\"AGB -\",\"isPartOf\":{\"@id\":\"https:\\\/\\\/www.condeli.at\\\/de\\\/#website\"},\"datePublished\":\"2020-06-08T06:43:52+00:00\",\"dateModified\":\"2025-12-05T10:34:58+00:00\",\"breadcrumb\":{\"@id\":\"https:\\\/\\\/www.condeli.at\\\/de\\\/agb\\\/#breadcrumb\"},\"inLanguage\":\"en-GB\",\"potentialAction\":[{\"@type\":\"ReadAction\",\"target\":[\"https:\\\/\\\/www.condeli.at\\\/de\\\/agb\\\/\"]}]},{\"@type\":\"BreadcrumbList\",\"@id\":\"https:\\\/\\\/www.condeli.at\\\/de\\\/agb\\\/#breadcrumb\",\"itemListElement\":[{\"@type\":\"ListItem\",\"position\":1,\"name\":\"Startseite\",\"item\":\"https:\\\/\\\/www.condeli.at\\\/\"},{\"@type\":\"ListItem\",\"position\":2,\"name\":\"AGB\"}]},{\"@type\":\"WebSite\",\"@id\":\"https:\\\/\\\/www.condeli.at\\\/de\\\/#website\",\"url\":\"https:\\\/\\\/www.condeli.at\\\/de\\\/\",\"name\":\"\",\"description\":\"Condeli - Der Lasagne und Convenience-spezialist\",\"potentialAction\":[{\"@type\":\"SearchAction\",\"target\":{\"@type\":\"EntryPoint\",\"urlTemplate\":\"https:\\\/\\\/www.condeli.at\\\/de\\\/?s={search_term_string}\"},\"query-input\":{\"@type\":\"PropertyValueSpecification\",\"valueRequired\":true,\"valueName\":\"search_term_string\"}}],\"inLanguage\":\"en-GB\"}]}<\/script>\n<!-- \/ Yoast SEO plugin. -->","yoast_head_json":{"title":"GTC -","robots":{"index":"index","follow":"follow","max-snippet":"max-snippet:-1","max-image-preview":"max-image-preview:large","max-video-preview":"max-video-preview:-1"},"canonical":"https:\/\/www.condeli.at\/en\/agb\/","og_locale":"en_GB","og_type":"article","og_title":"AGB -","og_description":"ALLGEMEINE GESCH\u00c4FTSBEDINgUNGEN Allgemeines Die untenstehenden Allgemeinen Gesch\u00e4fts- und Lieferbedingungen gelten f\u00fcr alle Lieferungen, Leistungen und Auftr\u00e4ge der Firma Condeli GmbH, Summerauerstr.1, 4193 Reichenthal. Im Falle entgegenstehender Allgemeiner Gesch\u00e4ftsbedingungen des Vertragspartners haben diese nur dann G\u00fcltigkeit, wenn von den gegenst\u00e4ndlichen Bedingungen ausdr\u00fccklich schriftlich abgegangen wurde. F\u00fcr weitere Lieferungen und Folgegesch\u00e4fte haben die nachstehenden Bedingungen auch dann [&hellip;]","og_url":"https:\/\/www.condeli.at\/en\/agb\/","article_modified_time":"2025-12-05T10:34:58+00:00","twitter_card":"summary_large_image","twitter_misc":{"Estimated reading time":"5 minutes"},"schema":{"@context":"https:\/\/schema.org","@graph":[{"@type":"WebPage","@id":"https:\/\/www.condeli.at\/de\/agb\/","url":"https:\/\/www.condeli.at\/de\/agb\/","name":"GTC -","isPartOf":{"@id":"https:\/\/www.condeli.at\/de\/#website"},"datePublished":"2020-06-08T06:43:52+00:00","dateModified":"2025-12-05T10:34:58+00:00","breadcrumb":{"@id":"https:\/\/www.condeli.at\/de\/agb\/#breadcrumb"},"inLanguage":"en-GB","potentialAction":[{"@type":"ReadAction","target":["https:\/\/www.condeli.at\/de\/agb\/"]}]},{"@type":"BreadcrumbList","@id":"https:\/\/www.condeli.at\/de\/agb\/#breadcrumb","itemListElement":[{"@type":"ListItem","position":1,"name":"Startseite","item":"https:\/\/www.condeli.at\/"},{"@type":"ListItem","position":2,"name":"AGB"}]},{"@type":"WebSite","@id":"https:\/\/www.condeli.at\/de\/#website","url":"https:\/\/www.condeli.at\/de\/","name":"","description":"Condeli - Der Lasagne und Convenience-spezialist","potentialAction":[{"@type":"SearchAction","target":{"@type":"EntryPoint","urlTemplate":"https:\/\/www.condeli.at\/de\/?s={search_term_string}"},"query-input":{"@type":"PropertyValueSpecification","valueRequired":true,"valueName":"search_term_string"}}],"inLanguage":"en-GB"}]}},"_links":{"self":[{"href":"https:\/\/www.condeli.at\/en\/wp-json\/wp\/v2\/pages\/2306","targetHints":{"allow":["GET"]}}],"collection":[{"href":"https:\/\/www.condeli.at\/en\/wp-json\/wp\/v2\/pages"}],"about":[{"href":"https:\/\/www.condeli.at\/en\/wp-json\/wp\/v2\/types\/page"}],"author":[{"embeddable":true,"href":"https:\/\/www.condeli.at\/en\/wp-json\/wp\/v2\/users\/1"}],"replies":[{"embeddable":true,"href":"https:\/\/www.condeli.at\/en\/wp-json\/wp\/v2\/comments?post=2306"}],"version-history":[{"count":0,"href":"https:\/\/www.condeli.at\/en\/wp-json\/wp\/v2\/pages\/2306\/revisions"}],"wp:attachment":[{"href":"https:\/\/www.condeli.at\/en\/wp-json\/wp\/v2\/media?parent=2306"}],"curies":[{"name":"wp","href":"https:\/\/api.w.org\/{rel}","templated":true}]}}